{"id":257,"date":"2024-10-10T13:51:30","date_gmt":"2024-10-10T13:51:30","guid":{"rendered":"https:\/\/triex.com.uy\/?page_id=257"},"modified":"2024-10-10T14:26:06","modified_gmt":"2024-10-10T14:26:06","slug":"nosotros","status":"publish","type":"page","link":"https:\/\/triex.com.uy\/index.php\/nosotros\/","title":{"rendered":"Nosotros"},"content":{"rendered":"\t\t<div data-elementor-type=\"wp-page\" data-elementor-id=\"257\" class=\"elementor elementor-257\">\n\t\t\t\t<div class=\"elementor-element elementor-element-31d689d5 e-flex e-con-boxed e-con e-parent\" data-id=\"31d689d5\" data-element_type=\"container\" data-settings=\"{&quot;background_background&quot;:&quot;classic&quot;}\">\n\t\t\t\t\t<div class=\"e-con-inner\">\n\t\t\t\t<div class=\"elementor-element elementor-element-65b16e46 elementor-widget__width-initial elementor-widget elementor-widget-heading\" data-id=\"65b16e46\" data-element_type=\"widget\" data-widget_type=\"heading.default\">\n\t\t\t\t<div class=\"elementor-widget-container\">\n\t\t\t<h2 class=\"elementor-heading-title elementor-size-default\">TRIEX<\/h2>\t\t<\/div>\n\t\t\t\t<\/div>\n\t\t\t\t<div class=\"elementor-element elementor-element-2d6450c2 elementor-widget__width-initial elementor-widget elementor-widget-heading\" data-id=\"2d6450c2\" data-element_type=\"widget\" data-widget_type=\"heading.default\">\n\t\t\t\t<div class=\"elementor-widget-container\">\n\t\t\t<h2 class=\"elementor-heading-title elementor-size-default\">TRIEX es una empresa autogestionaria con la misi\u00f3n de gestionar residuos mediante operaciones cuidadosas del ambiente, satisfactorias para sus clientes y seguras para sus trabajadores.<\/h2>\t\t<\/div>\n\t\t\t\t<\/div>\n\t\t\t\t\t<\/div>\n\t\t\t\t<\/div>\n\t\t<div class=\"elementor-element elementor-element-4f68e99f e-flex e-con-boxed e-con e-parent\" data-id=\"4f68e99f\" data-element_type=\"container\">\n\t\t\t\t\t<div class=\"e-con-inner\">\n\t\t\t\t<div class=\"elementor-element elementor-element-3d71e2d3 elementor-widget elementor-widget-heading\" data-id=\"3d71e2d3\" data-element_type=\"widget\" data-widget_type=\"heading.default\">\n\t\t\t\t<div class=\"elementor-widget-container\">\n\t\t\t<h2 class=\"elementor-heading-title elementor-size-default\">Nuestra Historia<\/h2>\t\t<\/div>\n\t\t\t\t<\/div>\n\t\t\t\t<div class=\"elementor-element elementor-element-1f0af8c2 elementor-widget elementor-widget-text-editor\" data-id=\"1f0af8c2\" data-element_type=\"widget\" data-widget_type=\"text-editor.default\">\n\t\t\t\t<div class=\"elementor-widget-container\">\n\t\t\t\t\t\t\t<p>Tenemos m\u00e1s de 25 a\u00f1os de experiencia en la gesti\u00f3n de residuos industriales y comerciales en todo el Uruguay. Somos una empresa con vocaci\u00f3n de pioneraje y siempre dispuesta a asumir nuevos desaf\u00edos. Las innovaciones de TRIEX han inclu\u00eddo la introducci\u00f3n a Uruguay de nuevas tecnolog\u00edas, el desarrollo de procesos propios de gesti\u00f3n de residuos, la colaboraci\u00f3n con las autoridades para la elaboraci\u00f3n de nuevas reglamentaciones, el tejido de una red de empresas gestoras de residuos que permitan servicios integrales a los clientes y la reconversi\u00f3n a un modelo organizaci\u00f3n en el que sus trabajadores y trabajadoras participan activamente en la toma de decisiones.<\/p>\t\t\t\t\t\t<\/div>\n\t\t\t\t<\/div>\n\t\t\t\t\t<\/div>\n\t\t\t\t<\/div>\n\t\t<div class=\"elementor-element elementor-element-136ec433 e-flex e-con-boxed e-con e-parent\" data-id=\"136ec433\" data-element_type=\"container\">\n\t\t\t\t\t<div class=\"e-con-inner\">\n\t\t<div class=\"elementor-element elementor-element-5e469237 e-con-full e-flex e-con e-child\" data-id=\"5e469237\" data-element_type=\"container\">\n\t\t\t\t<div class=\"elementor-element elementor-element-1cb45ae1 elementor-widget elementor-widget-image\" data-id=\"1cb45ae1\" data-element_type=\"widget\" data-widget_type=\"image.default\">\n\t\t\t\t<div class=\"elementor-widget-container\">\n\t\t\t\t\t\t\t\t\t\t\t\t\t<img fetchpriority=\"high\" decoding=\"async\" width=\"800\" height=\"600\" src=\"https:\/\/triex.com.uy\/wp-content\/uploads\/2024\/08\/110729-camion-TRIEX-2-contraida-1024x768.jpg\" class=\"attachment-large size-large wp-image-45\" alt=\"\" srcset=\"https:\/\/triex.com.uy\/wp-content\/uploads\/2024\/08\/110729-camion-TRIEX-2-contraida-1024x768.jpg 1024w, https:\/\/triex.com.uy\/wp-content\/uploads\/2024\/08\/110729-camion-TRIEX-2-contraida-300x225.jpg 300w, https:\/\/triex.com.uy\/wp-content\/uploads\/2024\/08\/110729-camion-TRIEX-2-contraida-768x576.jpg 768w, https:\/\/triex.com.uy\/wp-content\/uploads\/2024\/08\/110729-camion-TRIEX-2-contraida.jpg 1143w\" sizes=\"(max-width: 800px) 100vw, 800px\" \/>\t\t\t\t\t\t\t\t\t\t\t\t\t<\/div>\n\t\t\t\t<\/div>\n\t\t\t\t<\/div>\n\t\t<div class=\"elementor-element elementor-element-984bb64 e-con-full e-flex e-con e-child\" data-id=\"984bb64\" data-element_type=\"container\">\n\t\t\t\t<div class=\"elementor-element elementor-element-55085530 elementor-widget elementor-widget-image\" data-id=\"55085530\" data-element_type=\"widget\" data-widget_type=\"image.default\">\n\t\t\t\t<div class=\"elementor-widget-container\">\n\t\t\t\t\t\t\t\t\t\t\t\t\t<img decoding=\"async\" width=\"800\" height=\"534\" src=\"https:\/\/triex.com.uy\/wp-content\/uploads\/2024\/08\/DSC095576-reducida-1024x683.jpg\" class=\"attachment-large size-large wp-image-49\" alt=\"\" srcset=\"https:\/\/triex.com.uy\/wp-content\/uploads\/2024\/08\/DSC095576-reducida-1024x683.jpg 1024w, https:\/\/triex.com.uy\/wp-content\/uploads\/2024\/08\/DSC095576-reducida-300x200.jpg 300w, https:\/\/triex.com.uy\/wp-content\/uploads\/2024\/08\/DSC095576-reducida-768x512.jpg 768w, https:\/\/triex.com.uy\/wp-content\/uploads\/2024\/08\/DSC095576-reducida-1536x1024.jpg 1536w, https:\/\/triex.com.uy\/wp-content\/uploads\/2024\/08\/DSC095576-reducida-2048x1365.jpg 2048w\" sizes=\"(max-width: 800px) 100vw, 800px\" \/>\t\t\t\t\t\t\t\t\t\t\t\t\t<\/div>\n\t\t\t\t<\/div>\n\t\t\t\t<\/div>\n\t\t\t\t\t<\/div>\n\t\t\t\t<\/div>\n\t\t<div class=\"elementor-element elementor-element-bfea302 e-flex e-con-boxed e-con e-parent\" data-id=\"bfea302\" data-element_type=\"container\">\n\t\t\t\t\t<div class=\"e-con-inner\">\n\t\t<div class=\"elementor-element elementor-element-3fd592f3 e-con-full e-flex e-con e-child\" data-id=\"3fd592f3\" data-element_type=\"container\" data-settings=\"{&quot;background_background&quot;:&quot;classic&quot;}\">\n\t\t\t\t<div class=\"elementor-element elementor-element-3e6dd44d elementor-widget elementor-widget-heading\" data-id=\"3e6dd44d\" data-element_type=\"widget\" data-widget_type=\"heading.default\">\n\t\t\t\t<div class=\"elementor-widget-container\">\n\t\t\t<h2 class=\"elementor-heading-title elementor-size-default\">Responsabilidad Ambiental<\/h2>\t\t<\/div>\n\t\t\t\t<\/div>\n\t\t\t\t<div class=\"elementor-element elementor-element-55c7a18a elementor-widget elementor-widget-text-editor\" data-id=\"55c7a18a\" data-element_type=\"widget\" data-widget_type=\"text-editor.default\">\n\t\t\t\t<div class=\"elementor-widget-container\">\n\t\t\t\t\t\t\t<p>Desde el estudio profundo de los materiales a gestionar hasta el informe minucioso de la gesti\u00f3n realizada todas las actividades de Triex se desarrollan buscando minimizar el impacto ambiental. Esto incluye el control de las emisiones de su planta y de sus veh\u00edculos, un estricto programa de salud ocupacional y un constante di\u00e1logo con clientes, autoridades, vecinos, empresas colegas y trabajadores.<\/p>\t\t\t\t\t\t<\/div>\n\t\t\t\t<\/div>\n\t\t\t\t<\/div>\n\t\t<div class=\"elementor-element elementor-element-3deaed95 e-con-full e-flex e-con e-child\" data-id=\"3deaed95\" data-element_type=\"container\">\n\t\t\t\t<div class=\"elementor-element elementor-element-17e68d6 elementor-widget elementor-widget-heading\" data-id=\"17e68d6\" data-element_type=\"widget\" data-widget_type=\"heading.default\">\n\t\t\t\t<div class=\"elementor-widget-container\">\n\t\t\t<h2 class=\"elementor-heading-title elementor-size-default\">Responsabilidad Social<\/h2>\t\t<\/div>\n\t\t\t\t<\/div>\n\t\t\t\t<div class=\"elementor-element elementor-element-31255943 elementor-widget elementor-widget-text-editor\" data-id=\"31255943\" data-element_type=\"widget\" data-widget_type=\"text-editor.default\">\n\t\t\t\t<div class=\"elementor-widget-container\">\n\t\t\t\t\t\t\t<p>Triex procura, hacia su interior, el desarrollo de un grupo humano comprometido, en constante capacitaci\u00f3n, que aporte a la mejora continua y sea capaz de adaptarse a las adversidades. Hacia el exterior quiere ser visto, no solamente como un operador capaz de dise\u00f1ar soluciones completas y ejecutarlas eficazmente sino como un actor ejemplar en la sociedad que cumple con sus obligaciones legales y se compromete con objetivos comunitarios<\/p>\t\t\t\t\t\t<\/div>\n\t\t\t\t<\/div>\n\t\t\t\t<\/div>\n\t\t\t\t\t<\/div>\n\t\t\t\t<\/div>\n\t\t<footer class=\"elementor-element elementor-element-4dbb24d3 e-con-full e-flex e-con e-parent\" data-id=\"4dbb24d3\" data-element_type=\"container\">\n\t\t<div class=\"elementor-element elementor-element-66990cb5 e-con-full e-flex e-con e-child\" data-id=\"66990cb5\" data-element_type=\"container\">\n\t\t\t\t<div class=\"elementor-element elementor-element-b64ff7a elementor-widget elementor-widget-google_maps\" data-id=\"b64ff7a\" data-element_type=\"widget\" data-widget_type=\"google_maps.default\">\n\t\t\t\t<div class=\"elementor-widget-container\">\n\t\t\t\t\t<div class=\"elementor-custom-embed\">\n\t\t\t<iframe loading=\"lazy\"\n\t\t\t\t\tsrc=\"https:\/\/maps.google.com\/maps?q=Haiti%201500&#038;t=m&#038;z=10&#038;output=embed&#038;iwloc=near\"\n\t\t\t\t\ttitle=\"Haiti 1500\"\n\t\t\t\t\taria-label=\"Haiti 1500\"\n\t\t\t><\/iframe>\n\t\t<\/div>\n\t\t\t\t<\/div>\n\t\t\t\t<\/div>\n\t\t\t\t<\/div>\n\t\t<div class=\"elementor-element elementor-element-5ddbcf2 e-con-full e-flex e-con e-child\" data-id=\"5ddbcf2\" data-element_type=\"container\">\n\t\t\t\t<div class=\"elementor-element elementor-element-959e367 elementor-icon-list--layout-inline elementor-tablet-align-center elementor-align-center elementor-list-item-link-full_width elementor-widget elementor-widget-icon-list\" data-id=\"959e367\" data-element_type=\"widget\" data-widget_type=\"icon-list.default\">\n\t\t\t\t<div class=\"elementor-widget-container\">\n\t\t\t\t\t<ul class=\"elementor-icon-list-items elementor-inline-items\">\n\t\t\t\t\t\t\t<li class=\"elementor-icon-list-item elementor-inline-item\">\n\t\t\t\t\t\t\t\t\t\t<span class=\"elementor-icon-list-text\">23129042<\/span>\n\t\t\t\t\t\t\t\t\t<\/li>\n\t\t\t\t\t\t\t\t<li class=\"elementor-icon-list-item elementor-inline-item\">\n\t\t\t\t\t\t\t\t\t\t<span class=\"elementor-icon-list-text\">Haiti 1500<\/span>\n\t\t\t\t\t\t\t\t\t<\/li>\n\t\t\t\t\t\t\t\t<li class=\"elementor-icon-list-item elementor-inline-item\">\n\t\t\t\t\t\t\t\t\t\t<span class=\"elementor-icon-list-text\">Lun-Vie 7:00AM - 5:00PM<\/span>\n\t\t\t\t\t\t\t\t\t<\/li>\n\t\t\t\t\t\t<\/ul>\n\t\t\t\t<\/div>\n\t\t\t\t<\/div>\n\t\t\t\t<\/div>\n\t\t<div class=\"elementor-element elementor-element-ec7e5b0 e-con-full e-flex e-con e-child\" data-id=\"ec7e5b0\" data-element_type=\"container\">\n\t\t\t\t<div class=\"elementor-element elementor-element-11159531 e-grid-align-right e-grid-align-tablet-right e-grid-align-mobile-center elementor-widget-mobile__width-inherit elementor-shape-rounded elementor-grid-0 elementor-widget elementor-widget-social-icons\" data-id=\"11159531\" data-element_type=\"widget\" data-widget_type=\"social-icons.default\">\n\t\t\t\t<div class=\"elementor-widget-container\">\n\t\t\t\t\t<div class=\"elementor-social-icons-wrapper elementor-grid\">\n\t\t\t\t\t\t\t<span class=\"elementor-grid-item\">\n\t\t\t\t\t<a class=\"elementor-icon elementor-social-icon elementor-social-icon-facebook-f elementor-repeater-item-3f1b7ac\" href=\"https:\/\/www.facebook.com\/p\/Triex-Gestion-de-Residuos-100064820778873\/\" target=\"_blank\">\n\t\t\t\t\t\t<span class=\"elementor-screen-only\">Facebook-f<\/span>\n\t\t\t\t\t\t<svg class=\"e-font-icon-svg e-fab-facebook-f\" viewBox=\"0 0 320 512\" xmlns=\"http:\/\/www.w3.org\/2000\/svg\"><path d=\"M279.14 288l14.22-92.66h-88.91v-60.13c0-25.35 12.42-50.06 52.24-50.06h40.42V6.26S260.43 0 225.36 0c-73.22 0-121.08 44.38-121.08 124.72v70.62H22.89V288h81.39v224h100.17V288z\"><\/path><\/svg>\t\t\t\t\t<\/a>\n\t\t\t\t<\/span>\n\t\t\t\t\t\t\t<span class=\"elementor-grid-item\">\n\t\t\t\t\t<a class=\"elementor-icon elementor-social-icon elementor-social-icon-instagram elementor-repeater-item-828f132\" href=\"https:\/\/www.instagram.com\/triexgestionde\/\" target=\"_blank\">\n\t\t\t\t\t\t<span class=\"elementor-screen-only\">Instagram<\/span>\n\t\t\t\t\t\t<svg class=\"e-font-icon-svg e-fab-instagram\" viewBox=\"0 0 448 512\" xmlns=\"http:\/\/www.w3.org\/2000\/svg\"><path d=\"M224.1 141c-63.6 0-114.9 51.3-114.9 114.9s51.3 114.9 114.9 114.9S339 319.5 339 255.9 287.7 141 224.1 141zm0 189.6c-41.1 0-74.7-33.5-74.7-74.7s33.5-74.7 74.7-74.7 74.7 33.5 74.7 74.7-33.6 74.7-74.7 74.7zm146.4-194.3c0 14.9-12 26.8-26.8 26.8-14.9 0-26.8-12-26.8-26.8s12-26.8 26.8-26.8 26.8 12 26.8 26.8zm76.1 27.2c-1.7-35.9-9.9-67.7-36.2-93.9-26.2-26.2-58-34.4-93.9-36.2-37-2.1-147.9-2.1-184.9 0-35.8 1.7-67.6 9.9-93.9 36.1s-34.4 58-36.2 93.9c-2.1 37-2.1 147.9 0 184.9 1.7 35.9 9.9 67.7 36.2 93.9s58 34.4 93.9 36.2c37 2.1 147.9 2.1 184.9 0 35.9-1.7 67.7-9.9 93.9-36.2 26.2-26.2 34.4-58 36.2-93.9 2.1-37 2.1-147.8 0-184.8zM398.8 388c-7.8 19.6-22.9 34.7-42.6 42.6-29.5 11.7-99.5 9-132.1 9s-102.7 2.6-132.1-9c-19.6-7.8-34.7-22.9-42.6-42.6-11.7-29.5-9-99.5-9-132.1s-2.6-102.7 9-132.1c7.8-19.6 22.9-34.7 42.6-42.6 29.5-11.7 99.5-9 132.1-9s102.7-2.6 132.1 9c19.6 7.8 34.7 22.9 42.6 42.6 11.7 29.5 9 99.5 9 132.1s2.7 102.7-9 132.1z\"><\/path><\/svg>\t\t\t\t\t<\/a>\n\t\t\t\t<\/span>\n\t\t\t\t\t<\/div>\n\t\t\t\t<\/div>\n\t\t\t\t<\/div>\n\t\t\t\t<\/div>\n\t\t\t\t<\/footer>\n\t\t\t\t<\/div>\n\t\t","protected":false},"excerpt":{"rendered":"<p>TRIEX TRIEX es una empresa autogestionaria con la misi\u00f3n de gestionar residuos mediante operaciones cuidadosas del ambiente, satisfactorias para sus clientes y seguras para sus trabajadores. Nuestra Historia Tenemos m\u00e1s de 25 a\u00f1os de experiencia en la gesti\u00f3n de residuos industriales y comerciales en todo el Uruguay. Somos una empresa con vocaci\u00f3n de pioneraje y [&hellip;]<\/p>\n","protected":false},"author":1,"featured_media":0,"parent":0,"menu_order":0,"comment_status":"closed","ping_status":"closed","template":"","meta":{"footnotes":""},"class_list":["post-257","page","type-page","status-publish","hentry"],"_links":{"self":[{"href":"https:\/\/triex.com.uy\/index.php\/wp-json\/wp\/v2\/pages\/257","targetHints":{"allow":["GET"]}}],"collection":[{"href":"https:\/\/triex.com.uy\/index.php\/wp-json\/wp\/v2\/pages"}],"about":[{"href":"https:\/\/triex.com.uy\/index.php\/wp-json\/wp\/v2\/types\/page"}],"author":[{"embeddable":true,"href":"https:\/\/triex.com.uy\/index.php\/wp-json\/wp\/v2\/users\/1"}],"replies":[{"embeddable":true,"href":"https:\/\/triex.com.uy\/index.php\/wp-json\/wp\/v2\/comments?post=257"}],"version-history":[{"count":7,"href":"https:\/\/triex.com.uy\/index.php\/wp-json\/wp\/v2\/pages\/257\/revisions"}],"predecessor-version":[{"id":284,"href":"https:\/\/triex.com.uy\/index.php\/wp-json\/wp\/v2\/pages\/257\/revisions\/284"}],"wp:attachment":[{"href":"https:\/\/triex.com.uy\/index.php\/wp-json\/wp\/v2\/media?parent=257"}],"curies":[{"name":"wp","href":"https:\/\/api.w.org\/{rel}","templated":true}]}}